{"id":5510,"date":"2023-04-23T10:25:06","date_gmt":"2023-04-23T10:25:06","guid":{"rendered":"https:\/\/teensandfriendsunited.org\/?page_id=5510"},"modified":"2023-04-23T10:25:07","modified_gmt":"2023-04-23T10:25:07","slug":"daniela-vordermaier","status":"publish","type":"page","link":"https:\/\/teensandfriendsunited.org\/?page_id=5510&lang=es","title":{"rendered":"Daniela Vordermaier"},"content":{"rendered":"\n<p class=\"has-small-font-size\"><em>(disclaimer: translated from English with ChatGPT on 23-April-2023)<\/em><\/p>\n\n\n\n<h4 class=\"wp-block-heading has-text-align-center Blue-link has-black-color has-text-color\"><a href=\"https:\/\/teensandfriendsunited.org\/?page_id=14&amp;lang=en\">Acerca de nosotros<\/a><\/h4>\n\n\n\n<div class=\"wp-block-columns is-layout-flex wp-container-core-columns-is-layout-9d6595d7 wp-block-columns-is-layout-flex\">\n<div class=\"wp-block-column is-layout-flow wp-block-column-is-layout-flow\" style=\"flex-basis:33.33%\">\n<figure class=\"wp-block-image size-full is-style-default\"><img loading=\"lazy\" decoding=\"async\" width=\"1000\" height=\"1004\" src=\"https:\/\/teensandfriendsunited.org\/wp-content\/uploads\/2021\/07\/Screenshot-2021-07-23-at-08.55.57-1.png\" alt=\"\" class=\"wp-image-3520\" srcset=\"https:\/\/teensandfriendsunited.org\/wp-content\/uploads\/2021\/07\/Screenshot-2021-07-23-at-08.55.57-1.png 1000w, https:\/\/teensandfriendsunited.org\/wp-content\/uploads\/2021\/07\/Screenshot-2021-07-23-at-08.55.57-1-300x300.png 300w, https:\/\/teensandfriendsunited.org\/wp-content\/uploads\/2021\/07\/Screenshot-2021-07-23-at-08.55.57-1-150x150.png 150w, https:\/\/teensandfriendsunited.org\/wp-content\/uploads\/2021\/07\/Screenshot-2021-07-23-at-08.55.57-1-768x771.png 768w, https:\/\/teensandfriendsunited.org\/wp-content\/uploads\/2021\/07\/Screenshot-2021-07-23-at-08.55.57-1-140x140.png 140w, https:\/\/teensandfriendsunited.org\/wp-content\/uploads\/2021\/07\/Screenshot-2021-07-23-at-08.55.57-1-50x50.png 50w, https:\/\/teensandfriendsunited.org\/wp-content\/uploads\/2021\/07\/Screenshot-2021-07-23-at-08.55.57-1-80x80.png 80w\" sizes=\"auto, (max-width: 1000px) 100vw, 1000px\" \/><figcaption class=\"wp-element-caption\">Daniela Vordermaier &#8211; Representative for German-speaking countries<\/figcaption><\/figure>\n<\/div>\n\n\n\n<div class=\"wp-block-column is-layout-flow wp-block-column-is-layout-flow\" style=\"flex-basis:66.66%\">\n<h1 class=\"wp-block-heading\"> Daniela Vordermaier<\/h1>\n\n\n\n<h6 class=\"wp-block-heading\">Daniela, Representante para los pa\u00edses de habla alemana.<\/h6>\n\n\n\n<hr class=\"wp-block-separator has-text-color has-yellow-color has-css-opacity has-yellow-background-color has-background\"\/>\n\n\n\n<p>Me llamo Daniela Vordermaier. Soy una tutora de idiomas y m\u00fasica de 25 a\u00f1os, amante de la naturaleza y los animales, originaria de Salzburgo, Austria, y vivo en las Tierras Altas de Escocia donde disfruto pasar mi tiempo libre en la naturaleza haciendo senderismo por los valles y monta\u00f1as de la zona, observando la fauna local y disfrutando de la brisa fresca alrededor de los lagos y el mar escoc\u00e9s.<\/p>\n<\/div>\n<\/div>\n\n\n\n<p>Siempre he tenido una fuerte conexi\u00f3n con el medio ambiente natural donde me siento m\u00e1s en casa y profundamente arraigada. Soy muy apasionada acerca de preservar lo que la Madre Tierra nos ha dado y de hacer mi parte para hacer de nuestro planeta un lugar m\u00e1s limpio y saludable, apoyando a todas las criaturas, plantas y animales que viven y crecen en \u00e9l, en su bienestar. Estoy muy feliz de ser parte de TAFU y emocionada de apoyar a esta maravillosa organizaci\u00f3n de conservaci\u00f3n de la naturaleza en mi nuevo papel como representante para pa\u00edses de habla alemana.<\/p>\n\n\n<div class=\"wp-block-image is-style-default\">\n<figure class=\"alignright size-medium\"><img loading=\"lazy\" decoding=\"async\" width=\"300\" height=\"300\" src=\"https:\/\/teensandfriendsunited.org\/wp-content\/uploads\/2021\/07\/Screenshot-2021-07-23-at-09.59.28-300x300.png\" alt=\"\" class=\"wp-image-3517\" srcset=\"https:\/\/teensandfriendsunited.org\/wp-content\/uploads\/2021\/07\/Screenshot-2021-07-23-at-09.59.28-300x300.png 300w, https:\/\/teensandfriendsunited.org\/wp-content\/uploads\/2021\/07\/Screenshot-2021-07-23-at-09.59.28-150x150.png 150w, https:\/\/teensandfriendsunited.org\/wp-content\/uploads\/2021\/07\/Screenshot-2021-07-23-at-09.59.28-768x770.png 768w, https:\/\/teensandfriendsunited.org\/wp-content\/uploads\/2021\/07\/Screenshot-2021-07-23-at-09.59.28-960x960.png 960w, https:\/\/teensandfriendsunited.org\/wp-content\/uploads\/2021\/07\/Screenshot-2021-07-23-at-09.59.28-140x140.png 140w, https:\/\/teensandfriendsunited.org\/wp-content\/uploads\/2021\/07\/Screenshot-2021-07-23-at-09.59.28-50x50.png 50w, https:\/\/teensandfriendsunited.org\/wp-content\/uploads\/2021\/07\/Screenshot-2021-07-23-at-09.59.28-666x666.png 666w, https:\/\/teensandfriendsunited.org\/wp-content\/uploads\/2021\/07\/Screenshot-2021-07-23-at-09.59.28-80x80.png 80w, https:\/\/teensandfriendsunited.org\/wp-content\/uploads\/2021\/07\/Screenshot-2021-07-23-at-09.59.28.png 1000w\" sizes=\"auto, (max-width: 300px) 100vw, 300px\" \/><\/figure>\n<\/div>\n\n\n<p>Daniela Vordermaier<\/p>\n","protected":false},"excerpt":{"rendered":"<p>(disclaimer: translated from English with ChatGPT on 23-April-2023) Acerca de nosotros Daniela Vordermaier Daniela, Representante para los pa\u00edses de habla alemana. Me llamo Daniela Vordermaier. Soy una tutora de idiomas<\/p>\n<p class=\"more-link\"><a href=\"https:\/\/teensandfriendsunited.org\/?page_id=5510&#038;lang=es\" class=\"readmore\">Continue reading<svg class=\"icon icon-arrow-right\" aria-hidden=\"true\" role=\"img\"> <use href=\"#icon-arrow-right\" xlink:href=\"#icon-arrow-right\"><\/use> <\/svg><span class=\"screen-reader-text\">Daniela Vordermaier<\/span><\/a><\/p>\n","protected":false},"author":1,"featured_media":0,"parent":3988,"menu_order":0,"comment_status":"closed","ping_status":"closed","template":"templates\/full-width-page.php","meta":{"inline_featured_image":false,"_monsterinsights_skip_tracking":false,"_monsterinsights_sitenote_active":false,"_monsterinsights_sitenote_note":"","_monsterinsights_sitenote_category":0,"footnotes":""},"class_list":["post-5510","page","type-page","status-publish","hentry"],"_links":{"self":[{"href":"https:\/\/teensandfriendsunited.org\/index.php?rest_route=\/wp\/v2\/pages\/5510","targetHints":{"allow":["GET"]}}],"collection":[{"href":"https:\/\/teensandfriendsunited.org\/index.php?rest_route=\/wp\/v2\/pages"}],"about":[{"href":"https:\/\/teensandfriendsunited.org\/index.php?rest_route=\/wp\/v2\/types\/page"}],"author":[{"embeddable":true,"href":"https:\/\/teensandfriendsunited.org\/index.php?rest_route=\/wp\/v2\/users\/1"}],"replies":[{"embeddable":true,"href":"https:\/\/teensandfriendsunited.org\/index.php?rest_route=%2Fwp%2Fv2%2Fcomments&post=5510"}],"version-history":[{"count":1,"href":"https:\/\/teensandfriendsunited.org\/index.php?rest_route=\/wp\/v2\/pages\/5510\/revisions"}],"predecessor-version":[{"id":5511,"href":"https:\/\/teensandfriendsunited.org\/index.php?rest_route=\/wp\/v2\/pages\/5510\/revisions\/5511"}],"up":[{"embeddable":true,"href":"https:\/\/teensandfriendsunited.org\/index.php?rest_route=\/wp\/v2\/pages\/3988"}],"wp:attachment":[{"href":"https:\/\/teensandfriendsunited.org\/index.php?rest_route=%2Fwp%2Fv2%2Fmedia&parent=5510"}],"curies":[{"name":"wp","href":"https:\/\/api.w.org\/{rel}","templated":true}]}}