{"id":5500,"date":"2023-04-23T10:10:51","date_gmt":"2023-04-23T10:10:51","guid":{"rendered":"https:\/\/teensandfriendsunited.org\/?page_id=5500"},"modified":"2023-04-23T10:21:28","modified_gmt":"2023-04-23T10:21:28","slug":"nika-strok-underwood","status":"publish","type":"page","link":"https:\/\/teensandfriendsunited.org\/?page_id=5500&lang=es","title":{"rendered":"Nika Strok Underwood"},"content":{"rendered":"\n<p class=\"has-small-font-size\"><em>(disclaimer: translated from English with ChatGPT on 23-April-2023)<\/em><\/p>\n\n\n\n<h4 class=\"wp-block-heading has-text-align-center blue-link\"><a href=\"https:\/\/teensandfriendsunited.org\/?page_id=14&amp;lang=en\">About us<\/a><\/h4>\n\n\n\n<div class=\"wp-block-columns is-layout-flex wp-container-core-columns-is-layout-9d6595d7 wp-block-columns-is-layout-flex\">\n<div class=\"wp-block-column is-layout-flow wp-block-column-is-layout-flow\">\n<figure class=\"wp-block-image size-large\"><img loading=\"lazy\" decoding=\"async\" width=\"1024\" height=\"980\" src=\"https:\/\/teensandfriendsunited.org\/wp-content\/uploads\/2021\/05\/0-02-05-ae1bf3701cdd44054b2a1e85d18eccce7143c5d800bb87ee9bc6bb31f3163ca0_1c6da2994cf922-1024x980.jpg\" alt=\"\" class=\"wp-image-94\" srcset=\"https:\/\/teensandfriendsunited.org\/wp-content\/uploads\/2021\/05\/0-02-05-ae1bf3701cdd44054b2a1e85d18eccce7143c5d800bb87ee9bc6bb31f3163ca0_1c6da2994cf922-1024x980.jpg 1024w, https:\/\/teensandfriendsunited.org\/wp-content\/uploads\/2021\/05\/0-02-05-ae1bf3701cdd44054b2a1e85d18eccce7143c5d800bb87ee9bc6bb31f3163ca0_1c6da2994cf922-300x287.jpg 300w, https:\/\/teensandfriendsunited.org\/wp-content\/uploads\/2021\/05\/0-02-05-ae1bf3701cdd44054b2a1e85d18eccce7143c5d800bb87ee9bc6bb31f3163ca0_1c6da2994cf922-768x735.jpg 768w, https:\/\/teensandfriendsunited.org\/wp-content\/uploads\/2021\/05\/0-02-05-ae1bf3701cdd44054b2a1e85d18eccce7143c5d800bb87ee9bc6bb31f3163ca0_1c6da2994cf922-1536x1471.jpg 1536w, https:\/\/teensandfriendsunited.org\/wp-content\/uploads\/2021\/05\/0-02-05-ae1bf3701cdd44054b2a1e85d18eccce7143c5d800bb87ee9bc6bb31f3163ca0_1c6da2994cf922.jpg 1600w\" sizes=\"auto, (max-width: 1024px) 100vw, 1024px\" \/><figcaption class=\"wp-element-caption\">Nika Strok Underwood &#8211; Founder<\/figcaption><\/figure>\n<\/div>\n\n\n\n<div class=\"wp-block-column is-layout-flow wp-block-column-is-layout-flow\">\n<h1 class=\"wp-block-heading\">Nika Strok Underwood<\/h1>\n\n\n\n<h4 class=\"wp-block-heading\">Fundadora, Presidenta, representante de pa\u00edses angl\u00f3fonos y franc\u00f3fonos.<\/h4>\n\n\n\n<p>M\u00e1s acerca de Nika en: <a href=\"http:\/\/nikas-vision.com\"><mark style=\"background-color:rgba(0, 0, 0, 0);color:#0c00a3\" class=\"has-inline-color\">nikas-vision.com <\/mark><\/a><\/p>\n\n\n\n<hr class=\"wp-block-separator has-text-color has-yellow-color has-css-opacity has-yellow-background-color has-background\"\/>\n\n\n\n<p>Nika fund\u00f3 Teens &amp; Friend United, con el deseo de alentar a las personas a asumir sus responsabilidades hacia el medio ambiente\/naturaleza y nuestro planeta. Es muy apasionada cuando se trata de la naturaleza y cree firmemente que las cosas mejorar\u00e1n si las personas adoptan una actitud saludable hacia la naturaleza, similar a la que tenemos hacia nuestra propia salud y bienestar. Siente una fuerte responsabilidad hacia la naturaleza y quiere involucrar a todos.<\/p>\n<\/div>\n<\/div>\n\n\n\n<p>A sus escasos 15 a\u00f1os, Nika es una verdadera fuerza a tener en cuenta. Sus logros excepcionales en el campo de la conservaci\u00f3n de la naturaleza ya han dejado una marca indeleble en el mundo. Como fundadora de TAFU, una organizaci\u00f3n de conservaci\u00f3n de la naturaleza, Nika ha demostrado un nivel de compromiso con la protecci\u00f3n del medio ambiente y su fauna que es incomparable con la mayor\u00eda de las personas, y mucho menos con personas de su edad.<\/p>\n\n\n\n<p>Pero el talento de Nika no se limita a sus esfuerzos de conservaci\u00f3n. Es una m\u00fasico talentosa, demostrando una asombrosa habilidad para tocar el piano y cantar. Tambi\u00e9n es una participante activa en numerosas otras actividades, pero a\u00fan encuentra tiempo para ofrecer un coraz\u00f3n amoroso y una sonrisa contagiosa a quienes la rodean.<\/p>\n\n\n\n<p>Los logros acad\u00e9micos de Nika son nada menos que fenomenales. A la edad de 14 a\u00f1os, logr\u00f3 una haza\u00f1a incre\u00edble al completar tres A-levels en Geolog\u00eda, Lat\u00edn y Franc\u00e9s. Su capacidad para superar las expectativas ha continuado, con Nika estando dos a\u00f1os adelante en sus estudios, ya abordando ocho A-levels m\u00e1s impresionantes en la Academia Minerva. Sus logros acad\u00e9micos le han valido calificaciones y predicciones excepcionales, lo que la convierte en una de las estudiantes m\u00e1s brillantes y destacadas de su curso, independientemente de su joven edad.<\/p>\n\n\n\n<p>A pesar de su abrumadora agenda, Nika sigue dedicada a sus compa\u00f1eros, participando activamente en varios grupos de inter\u00e9s estudiantil, incluido un grupo de conservaci\u00f3n que ella lidera personalmente. Tambi\u00e9n forma parte de un grupo de Voz Estudiantil, trabajando incansablemente en la tutor\u00eda de estudiantes. El compromiso de Nika de ayudar a los dem\u00e1s es palpable en todo lo que hace, desde su puntualidad y asistencia perfecta hasta la finalizaci\u00f3n oportuna de todas las tareas.<\/p>\n\n\n\n<p>A pesar de su corta edad, Nika ha asumido una cantidad notable de responsabilidad con TAFU, realizando extensas investigaciones, escribiendo numerosos art\u00edculos sobre la naturaleza y organizando conciertos internacionales exitosos para crear conciencia sobre la necesidad de proteger la naturaleza. Adem\u00e1s, ha liderado exitosas iniciativas de limpieza, est\u00e1 organizando, preparando y realizando entrevistas. Nika tambi\u00e9n maneja todo el trabajo de IT y edici\u00f3n y es responsable de publicar el trabajo de TAFU.<\/p>\n\n\n\n<p>Las impresionantes habilidades de gesti\u00f3n de proyectos y de gesti\u00f3n del tiempo de Nika contin\u00faan asombrando a quienes la rodean. Su dedicaci\u00f3n inquebrantable para mejorar el mundo y apoyar a los necesitados la convierten en un verdadero modelo a seguir para todos.<\/p>\n\n\n\n<h6 class=\"wp-block-heading\">Una nota de uno de los antiguos profesores de Nika:<\/h6>\n\n\n\n<p>Desde que era una peque\u00f1a ni\u00f1a, Nika era una joven naturalista; exploraba la naturaleza con sus hermanos; limpiaba el medio ambiente; salvaba animales; aprend\u00eda sobre flora y fauna; buscaba f\u00f3siles. La mayor\u00eda de las veces, estaba con su hermano menor, incluso salvando a una peque\u00f1a serpiente de hierba beb\u00e9: llev\u00e1ndola de regreso a la seguridad del prado m\u00e1s cercano en sus peque\u00f1as manos, sin ning\u00fan miedo, pero con un cuidado puro hacia la serpiente.<\/p>\n\n\n\n<p>Sol\u00eda decir &#8220;\u00a1\u00a1Soy Attenborough!!&#8221; cuando apenas pod\u00eda hablar, jugando con hormigas y bichos afuera. Cuando creci\u00f3 un poco, dijo &#8220;Cuando crezca, \u00a1\u00a1ser\u00e9 Attenborough!!&#8221;.<\/p>\n\n\n\n<p>Junto con la familia de Nika, Sir David Attenborough tuvo un impacto significativo en la visi\u00f3n del mundo de Nika. Ella siente una gran gratitud hacia \u00e9l y su familia por su conciencia y responsabilidad personal incorporada que siente hacia la naturaleza. Desea transmitir eso a todos los que la rodean y a todos en todo el mundo.<\/p>\n\n\n\n<p>Nika ahora tiene 15 a\u00f1os, es una adolescente muy trabajadora con impulso, planes y metas. Este verano ha completado 3 A-levels, pero en el verano de 2024 habr\u00e1 completado 11 A-levels y est\u00e1 apuntando a A* en todos ellos. Para obtener m\u00e1s informaci\u00f3n sobre Nika, por favor, lea en su propio sitio web <a rel=\"noreferrer noopener\" href=\"https:\/\/www.nikas-vision.com\/\" target=\"_blank\">aqu\u00ed<\/a>.<\/p>\n\n\n\n<p>Sylvie Forestier (Nika&#8217;s teacher)<\/p>\n\n\n<div class=\"wp-block-image is-style-default\">\n<figure class=\"alignright size-large is-resized\"><img loading=\"lazy\" decoding=\"async\" src=\"https:\/\/teensandfriendsunited.org\/wp-content\/uploads\/2021\/05\/0-02-05-f4c25d07ddde9c5e84748cc9ce1d11575db1fa40b975d3c5bfec898aa984e0c6_1c6da5e5e58fdb-1-1024x1019.jpg\" alt=\"\" class=\"wp-image-232\" width=\"254\" height=\"253\" srcset=\"https:\/\/teensandfriendsunited.org\/wp-content\/uploads\/2021\/05\/0-02-05-f4c25d07ddde9c5e84748cc9ce1d11575db1fa40b975d3c5bfec898aa984e0c6_1c6da5e5e58fdb-1-1024x1019.jpg 1024w, https:\/\/teensandfriendsunited.org\/wp-content\/uploads\/2021\/05\/0-02-05-f4c25d07ddde9c5e84748cc9ce1d11575db1fa40b975d3c5bfec898aa984e0c6_1c6da5e5e58fdb-1-300x298.jpg 300w, https:\/\/teensandfriendsunited.org\/wp-content\/uploads\/2021\/05\/0-02-05-f4c25d07ddde9c5e84748cc9ce1d11575db1fa40b975d3c5bfec898aa984e0c6_1c6da5e5e58fdb-1-150x150.jpg 150w, https:\/\/teensandfriendsunited.org\/wp-content\/uploads\/2021\/05\/0-02-05-f4c25d07ddde9c5e84748cc9ce1d11575db1fa40b975d3c5bfec898aa984e0c6_1c6da5e5e58fdb-1-768x764.jpg 768w, https:\/\/teensandfriendsunited.org\/wp-content\/uploads\/2021\/05\/0-02-05-f4c25d07ddde9c5e84748cc9ce1d11575db1fa40b975d3c5bfec898aa984e0c6_1c6da5e5e58fdb-1-960x960.jpg 960w, https:\/\/teensandfriendsunited.org\/wp-content\/uploads\/2021\/05\/0-02-05-f4c25d07ddde9c5e84748cc9ce1d11575db1fa40b975d3c5bfec898aa984e0c6_1c6da5e5e58fdb-1-140x140.jpg 140w, https:\/\/teensandfriendsunited.org\/wp-content\/uploads\/2021\/05\/0-02-05-f4c25d07ddde9c5e84748cc9ce1d11575db1fa40b975d3c5bfec898aa984e0c6_1c6da5e5e58fdb-1-50x50.jpg 50w, https:\/\/teensandfriendsunited.org\/wp-content\/uploads\/2021\/05\/0-02-05-f4c25d07ddde9c5e84748cc9ce1d11575db1fa40b975d3c5bfec898aa984e0c6_1c6da5e5e58fdb-1-666x666.jpg 666w, https:\/\/teensandfriendsunited.org\/wp-content\/uploads\/2021\/05\/0-02-05-f4c25d07ddde9c5e84748cc9ce1d11575db1fa40b975d3c5bfec898aa984e0c6_1c6da5e5e58fdb-1-80x80.jpg 80w, https:\/\/teensandfriendsunited.org\/wp-content\/uploads\/2021\/05\/0-02-05-f4c25d07ddde9c5e84748cc9ce1d11575db1fa40b975d3c5bfec898aa984e0c6_1c6da5e5e58fdb-1.jpg 1182w\" sizes=\"auto, (max-width: 254px) 100vw, 254px\" \/><figcaption class=\"wp-element-caption\">Nika limpiando el mar.<\/figcaption><\/figure>\n<\/div>","protected":false},"excerpt":{"rendered":"<p>(disclaimer: translated from English with ChatGPT on 23-April-2023) About us Nika Strok Underwood Fundadora, Presidenta, representante de pa\u00edses angl\u00f3fonos y franc\u00f3fonos. M\u00e1s acerca de Nika en: nikas-vision.com Nika fund\u00f3 Teens<\/p>\n<p class=\"more-link\"><a href=\"https:\/\/teensandfriendsunited.org\/?page_id=5500&#038;lang=es\" class=\"readmore\">Continue reading<svg class=\"icon icon-arrow-right\" aria-hidden=\"true\" role=\"img\"> <use href=\"#icon-arrow-right\" xlink:href=\"#icon-arrow-right\"><\/use> <\/svg><span class=\"screen-reader-text\">Nika Strok Underwood<\/span><\/a><\/p>\n","protected":false},"author":1,"featured_media":0,"parent":3988,"menu_order":0,"comment_status":"closed","ping_status":"closed","template":"templates\/full-width-page.php","meta":{"inline_featured_image":false,"_monsterinsights_skip_tracking":false,"_monsterinsights_sitenote_active":false,"_monsterinsights_sitenote_note":"","_monsterinsights_sitenote_category":0,"footnotes":""},"class_list":["post-5500","page","type-page","status-publish","hentry"],"_links":{"self":[{"href":"https:\/\/teensandfriendsunited.org\/index.php?rest_route=\/wp\/v2\/pages\/5500","targetHints":{"allow":["GET"]}}],"collection":[{"href":"https:\/\/teensandfriendsunited.org\/index.php?rest_route=\/wp\/v2\/pages"}],"about":[{"href":"https:\/\/teensandfriendsunited.org\/index.php?rest_route=\/wp\/v2\/types\/page"}],"author":[{"embeddable":true,"href":"https:\/\/teensandfriendsunited.org\/index.php?rest_route=\/wp\/v2\/users\/1"}],"replies":[{"embeddable":true,"href":"https:\/\/teensandfriendsunited.org\/index.php?rest_route=%2Fwp%2Fv2%2Fcomments&post=5500"}],"version-history":[{"count":2,"href":"https:\/\/teensandfriendsunited.org\/index.php?rest_route=\/wp\/v2\/pages\/5500\/revisions"}],"predecessor-version":[{"id":5506,"href":"https:\/\/teensandfriendsunited.org\/index.php?rest_route=\/wp\/v2\/pages\/5500\/revisions\/5506"}],"up":[{"embeddable":true,"href":"https:\/\/teensandfriendsunited.org\/index.php?rest_route=\/wp\/v2\/pages\/3988"}],"wp:attachment":[{"href":"https:\/\/teensandfriendsunited.org\/index.php?rest_route=%2Fwp%2Fv2%2Fmedia&parent=5500"}],"curies":[{"name":"wp","href":"https:\/\/api.w.org\/{rel}","templated":true}]}}