{"id":4169,"date":"2021-10-21T08:28:58","date_gmt":"2021-10-21T08:28:58","guid":{"rendered":"https:\/\/teensandfriendsunited.org\/?page_id=4169"},"modified":"2021-10-21T08:29:10","modified_gmt":"2021-10-21T08:29:10","slug":"tafu-s-virtuelles-globales-konzert","status":"publish","type":"page","link":"https:\/\/teensandfriendsunited.org\/?page_id=4169&lang=de","title":{"rendered":"TAFU \u0301s Virtuelles Globales Konzert"},"content":{"rendered":"\n<p>Musiker jeder Art und jedes Instruments sind gesucht! Dies ist ein Projekt, um das Bewusstsein gegen\u00fcber der Natur unter Musikern und der Welt zu f\u00f6rdern. Indem du daran teilnimmst, kannst du dich selbst promoten und f\u00f6rdern und dabei einen guten Zweck unterst\u00fctzen sowie ein Dankbarkeitszertifikat f\u00fcr deine Teilnahme bekommen! Die Naturschutzorganisation TAFU sucht Musiker, die an unserem Art for Nature- Projekt teilnehmen! Unser erstes globales Projekt als Teil von Art for Nature wird ein Online Konzert sein, das aus vielen Videos besteht, die ihr alle sendet, vorzugsweise wenn m\u00f6glich in einem Au\u00dfenbereich gedreht, was aber nicht obligatorisch ist. Ein digitaler Flyer wird an alle Teilnehmer gesandt, der sichtbar w\u00e4hrend des Auftritts aufgestellt werden soll. Die L\u00e4nge der Performance obliegt ganz allein euch. Jedes erhaltene Video wird vollst\u00e4ndig ver\u00f6ffentlicht, auf unserem YouTube- Kanal und Websiten. Wir erwarten, dass das Projekt von einigen Radio- und Fernsehsendern verfolgt wird \u2013 aber wir werden diese kontaktieren, sobald wir eine Teilnehmerliste haben.<\/p>\n\n\n\n<p>F\u00fcr mehr Information \u00fcber Art for Nature siehe hier: https:\/\/teensandfriendsunited.org\/?page_id=3346&amp;lang=en. Bei Interesse an einer Teilnahme,<\/p>\n\n\n\n<p>sende uns bitte deinen Namen, Aufenthaltsort, Land und Instrument unter: contact@tafu.info Vielen Dank<br>Nika, Gr\u00fcnderin von TAFU<\/p>\n","protected":false},"excerpt":{"rendered":"<p>Musiker jeder Art und jedes Instruments sind gesucht! Dies ist ein Projekt, um das Bewusstsein gegen\u00fcber der Natur unter Musikern und der Welt zu f\u00f6rdern. Indem du daran teilnimmst, kannst<\/p>\n<p class=\"more-link\"><a href=\"https:\/\/teensandfriendsunited.org\/?page_id=4169&#038;lang=de\" class=\"readmore\">Continue reading<svg class=\"icon icon-arrow-right\" aria-hidden=\"true\" role=\"img\"> <use href=\"#icon-arrow-right\" xlink:href=\"#icon-arrow-right\"><\/use> <\/svg><span class=\"screen-reader-text\">TAFU \u0301s Virtuelles Globales Konzert<\/span><\/a><\/p>\n","protected":false},"author":1,"featured_media":0,"parent":0,"menu_order":0,"comment_status":"closed","ping_status":"closed","template":"","meta":{"inline_featured_image":false,"_monsterinsights_skip_tracking":false,"_monsterinsights_sitenote_active":false,"_monsterinsights_sitenote_note":"","_monsterinsights_sitenote_category":0,"footnotes":""},"class_list":["post-4169","page","type-page","status-publish","hentry"],"_links":{"self":[{"href":"https:\/\/teensandfriendsunited.org\/index.php?rest_route=\/wp\/v2\/pages\/4169","targetHints":{"allow":["GET"]}}],"collection":[{"href":"https:\/\/teensandfriendsunited.org\/index.php?rest_route=\/wp\/v2\/pages"}],"about":[{"href":"https:\/\/teensandfriendsunited.org\/index.php?rest_route=\/wp\/v2\/types\/page"}],"author":[{"embeddable":true,"href":"https:\/\/teensandfriendsunited.org\/index.php?rest_route=\/wp\/v2\/users\/1"}],"replies":[{"embeddable":true,"href":"https:\/\/teensandfriendsunited.org\/index.php?rest_route=%2Fwp%2Fv2%2Fcomments&post=4169"}],"version-history":[{"count":1,"href":"https:\/\/teensandfriendsunited.org\/index.php?rest_route=\/wp\/v2\/pages\/4169\/revisions"}],"predecessor-version":[{"id":4170,"href":"https:\/\/teensandfriendsunited.org\/index.php?rest_route=\/wp\/v2\/pages\/4169\/revisions\/4170"}],"wp:attachment":[{"href":"https:\/\/teensandfriendsunited.org\/index.php?rest_route=%2Fwp%2Fv2%2Fmedia&parent=4169"}],"curies":[{"name":"wp","href":"https:\/\/api.w.org\/{rel}","templated":true}]}}