{"id":4166,"date":"2021-10-21T08:28:15","date_gmt":"2021-10-21T08:28:15","guid":{"rendered":"https:\/\/teensandfriendsunited.org\/?page_id=4166"},"modified":"2021-10-21T08:30:28","modified_gmt":"2021-10-21T08:30:28","slug":"tafus-art-for-nature-deutsch","status":"publish","type":"page","link":"https:\/\/teensandfriendsunited.org\/?page_id=4166&lang=de","title":{"rendered":"TAFU&#8217;s Art for Nature &#8211; Deutsch"},"content":{"rendered":"\n<p>Tafu \u0301s Art for Nature ist eines unserer vielen Projekte, die veranstaltet werden, um allen den Unterschied zwischen M\u00fcll und Natur zu zeigen. Wir spielen St\u00fccke, tanzen, singen und tun vieles mehr in der N\u00e4he von M\u00fclldeponien, verschmutzten Gebieten und sauberer nat\u00fcrlicher Umgebung. Wir ver\u00f6ffentlichen sowohl Bilder, auf denen eine saubere und sch\u00f6ne Umwelt zu sehen ist, als auch solche, wo es unsauber und verschmutzt ist.<\/p>\n\n\n\n<p>Ich lade alle K\u00fcnstlerkollegen jeglicher Art und Ausdrucksform ein mitzumachen. Lasst uns diejenigen sein, die beginnen die gro\u00dfe Ver\u00e4nderung zu leben und zu sein, die unsere unmittelbare Umgebung retten wird, die mit vereinten Kr\u00e4ften unseren Planeten retten wird.<\/p>\n\n\n\n<p><\/p>\n\n\n\n<div class=\"wp-block-columns is-layout-flex wp-container-core-columns-is-layout-9d6595d7 wp-block-columns-is-layout-flex\">\n<div class=\"wp-block-column is-layout-flow wp-block-column-is-layout-flow\">\n<h2 class=\"wp-block-heading\"><a href=\"https:\/\/teensandfriendsunited.org\/?page_id=4169&amp;lang=de\">Tafu \u0301s Virtuelles Globales Konzert<\/a><br><\/h2>\n<\/div>\n\n\n\n<div class=\"wp-block-column is-layout-flow wp-block-column-is-layout-flow\">\n<figure class=\"wp-block-image size-full\"><a href=\"https:\/\/teensandfriendsunited.org\/?page_id=4169&amp;lang=de\"><img loading=\"lazy\" decoding=\"async\" width=\"698\" height=\"986\" src=\"https:\/\/teensandfriendsunited.org\/wp-content\/uploads\/2021\/10\/Screenshot-2021-10-21-at-10.00.16-2.png\" alt=\"\" class=\"wp-image-4171\" srcset=\"https:\/\/teensandfriendsunited.org\/wp-content\/uploads\/2021\/10\/Screenshot-2021-10-21-at-10.00.16-2.png 698w, https:\/\/teensandfriendsunited.org\/wp-content\/uploads\/2021\/10\/Screenshot-2021-10-21-at-10.00.16-2-212x300.png 212w\" sizes=\"auto, (max-width: 698px) 100vw, 698px\" \/><\/a><\/figure>\n<\/div>\n<\/div>\n","protected":false},"excerpt":{"rendered":"<p>Tafu \u0301s Art for Nature ist eines unserer vielen Projekte, die veranstaltet werden, um allen den Unterschied zwischen M\u00fcll und Natur zu zeigen. Wir spielen St\u00fccke, tanzen, singen und tun<\/p>\n<p class=\"more-link\"><a href=\"https:\/\/teensandfriendsunited.org\/?page_id=4166&#038;lang=de\" class=\"readmore\">Continue reading<svg class=\"icon icon-arrow-right\" aria-hidden=\"true\" role=\"img\"> <use href=\"#icon-arrow-right\" xlink:href=\"#icon-arrow-right\"><\/use> <\/svg><span class=\"screen-reader-text\">TAFU&#8217;s Art for Nature &#8211; Deutsch<\/span><\/a><\/p>\n","protected":false},"author":1,"featured_media":0,"parent":0,"menu_order":0,"comment_status":"closed","ping_status":"closed","template":"","meta":{"inline_featured_image":false,"_monsterinsights_skip_tracking":false,"_monsterinsights_sitenote_active":false,"_monsterinsights_sitenote_note":"","_monsterinsights_sitenote_category":0,"footnotes":""},"class_list":["post-4166","page","type-page","status-publish","hentry"],"_links":{"self":[{"href":"https:\/\/teensandfriendsunited.org\/index.php?rest_route=\/wp\/v2\/pages\/4166","targetHints":{"allow":["GET"]}}],"collection":[{"href":"https:\/\/teensandfriendsunited.org\/index.php?rest_route=\/wp\/v2\/pages"}],"about":[{"href":"https:\/\/teensandfriendsunited.org\/index.php?rest_route=\/wp\/v2\/types\/page"}],"author":[{"embeddable":true,"href":"https:\/\/teensandfriendsunited.org\/index.php?rest_route=\/wp\/v2\/users\/1"}],"replies":[{"embeddable":true,"href":"https:\/\/teensandfriendsunited.org\/index.php?rest_route=%2Fwp%2Fv2%2Fcomments&post=4166"}],"version-history":[{"count":2,"href":"https:\/\/teensandfriendsunited.org\/index.php?rest_route=\/wp\/v2\/pages\/4166\/revisions"}],"predecessor-version":[{"id":4172,"href":"https:\/\/teensandfriendsunited.org\/index.php?rest_route=\/wp\/v2\/pages\/4166\/revisions\/4172"}],"wp:attachment":[{"href":"https:\/\/teensandfriendsunited.org\/index.php?rest_route=%2Fwp%2Fv2%2Fmedia&parent=4166"}],"curies":[{"name":"wp","href":"https:\/\/api.w.org\/{rel}","templated":true}]}}