{"id":4162,"date":"2021-10-21T08:24:44","date_gmt":"2021-10-21T08:24:44","guid":{"rendered":"https:\/\/teensandfriendsunited.org\/?page_id=4162"},"modified":"2021-10-21T08:26:19","modified_gmt":"2021-10-21T08:26:19","slug":"tafus-turtle-week-deutsch","status":"publish","type":"page","link":"https:\/\/teensandfriendsunited.org\/?page_id=4162&lang=de","title":{"rendered":"TAFU&#8217;s Turtle Week &#8211; Deutsch"},"content":{"rendered":"\n<p>TAFU\u2019s Turtle Week startet heute, Montag, den 24. Mai! In dieser Turtle Week werden wir \u00fcber die 7 Arten der Meeresschildkr\u00f6ten der Welt lernen! Nimm teil an unseren Live-Pr\u00e4sentationen und Q&amp;As, wir werden so viele Fragen wie m\u00f6glich beantworten Frahen d\u00fcrfen gestellt werden, in Englisch, Franz\u00f6sisch, Spanisch, Kroatisch und Isixhosa. Bitte mache mit, um \u00fcber Schildkr\u00f6ten und ihre Wichtigkeit zu lernen. Bitte sende weitere Fragen an <a href=\"mailto:info@teensandfriendsunited.org\">info@teensandfriendsunited.org<\/a>.<\/p>\n","protected":false},"excerpt":{"rendered":"<p>TAFU\u2019s Turtle Week startet heute, Montag, den 24. Mai! In dieser Turtle Week werden wir \u00fcber die 7 Arten der Meeresschildkr\u00f6ten der Welt lernen! Nimm teil an unseren Live-Pr\u00e4sentationen und<\/p>\n<p class=\"more-link\"><a href=\"https:\/\/teensandfriendsunited.org\/?page_id=4162&#038;lang=de\" class=\"readmore\">Continue reading<svg class=\"icon icon-arrow-right\" aria-hidden=\"true\" role=\"img\"> <use href=\"#icon-arrow-right\" xlink:href=\"#icon-arrow-right\"><\/use> <\/svg><span class=\"screen-reader-text\">TAFU&#8217;s Turtle Week &#8211; Deutsch<\/span><\/a><\/p>\n","protected":false},"author":1,"featured_media":0,"parent":0,"menu_order":0,"comment_status":"closed","ping_status":"closed","template":"","meta":{"inline_featured_image":false,"_monsterinsights_skip_tracking":false,"_monsterinsights_sitenote_active":false,"_monsterinsights_sitenote_note":"","_monsterinsights_sitenote_category":0,"footnotes":""},"class_list":["post-4162","page","type-page","status-publish","hentry"],"_links":{"self":[{"href":"https:\/\/teensandfriendsunited.org\/index.php?rest_route=\/wp\/v2\/pages\/4162","targetHints":{"allow":["GET"]}}],"collection":[{"href":"https:\/\/teensandfriendsunited.org\/index.php?rest_route=\/wp\/v2\/pages"}],"about":[{"href":"https:\/\/teensandfriendsunited.org\/index.php?rest_route=\/wp\/v2\/types\/page"}],"author":[{"embeddable":true,"href":"https:\/\/teensandfriendsunited.org\/index.php?rest_route=\/wp\/v2\/users\/1"}],"replies":[{"embeddable":true,"href":"https:\/\/teensandfriendsunited.org\/index.php?rest_route=%2Fwp%2Fv2%2Fcomments&post=4162"}],"version-history":[{"count":1,"href":"https:\/\/teensandfriendsunited.org\/index.php?rest_route=\/wp\/v2\/pages\/4162\/revisions"}],"predecessor-version":[{"id":4163,"href":"https:\/\/teensandfriendsunited.org\/index.php?rest_route=\/wp\/v2\/pages\/4162\/revisions\/4163"}],"wp:attachment":[{"href":"https:\/\/teensandfriendsunited.org\/index.php?rest_route=%2Fwp%2Fv2%2Fmedia&parent=4162"}],"curies":[{"name":"wp","href":"https:\/\/api.w.org\/{rel}","templated":true}]}}