{"id":3992,"date":"2021-08-14T06:10:22","date_gmt":"2021-08-14T06:10:22","guid":{"rendered":"https:\/\/teensandfriendsunited.org\/?page_id=3992"},"modified":"2021-08-14T06:10:22","modified_gmt":"2021-08-14T06:10:22","slug":"uber","status":"publish","type":"page","link":"https:\/\/teensandfriendsunited.org\/?page_id=3992&lang=de","title":{"rendered":"\u00dcber"},"content":{"rendered":"\n<h2 class=\"has-text-align-center wp-block-heading\">Allgemeine Gesch\u00e4ftsbedingungen f\u00fcr Freiwillige<\/h2>\n\n\n\n<p class=\"has-text-align-center has-text-color\" style=\"color:#ff0004\"><strong>Freiwillige aus allen L\u00e4ndern gesucht<\/strong><\/p>\n\n\n\n<p class=\"has-text-align-center has-text-color\" style=\"color:#001eff\">Wenn du davon \u00fcberzeugt bist, f\u00fcr diese Rolle geeignet zu sein, kontaktiere uns bitte unter info@teensandfriendsunited.org<\/p>\n\n\n\n<ul class=\"wp-block-list\"><li>Alle Freiwilligen verpflichten sich dazu, im Einklang mit der Rolle bei TAFU zu handeln, die sie angenommen haben, und die Ansichten und Handlungsweisen der Organisation und ihrer Pr\u00e4sidentin weiterzugeben.<\/li><li>Vertreter f\u00fcr L\u00e4nder oder Sprachr\u00e4ume verpflichten sich dazu, englische Texte in ihre eigene(n) Sprache(n) zu \u00fcbersetzen und sie mit dem Einverst\u00e4ndnis der Pr\u00e4sidentin in dieser\/n Sprache(n) in Umweltorganisationen und \u2013gruppen zu posten. Es wird zudem erwartet, dass sie Inhalte der Webseite in ihre Sprache(n) \u00fcbersetzen.<\/li><li>Alle Projekte und Pl\u00e4ne sind willkommen und erw\u00fcnscht. Sie m\u00fcssen allerdings im Einvernehmen mit der Pr\u00e4sidentin durchgef\u00fchrt werden und nicht auf Eigeninitiative.<\/li><li>Alle L\u00e4ndervertreter verpflichten sich dazu, ihr Land zu vertreten und keine anderen. Sie erkl\u00e4ren sich dazu bereit, Inhalte von den englischen\/franz\u00f6sischen Seiten zu kopieren und dieselben Informationen in ihrer eigenen Sprache zu reproduzieren. Vertreter f\u00fcr L\u00e4nder oder Sprachen werden dazu angehalten, nicht auf englischen\/franz\u00f6sischen Seiten\/in englischen\/franz\u00f6sischen Gruppen etc. Beitr\u00e4ge zu ver\u00f6ffentlichen, sondern stattdessen dieselben Posts in Gruppen oder Webseiten etc. ihres Sprachraums zu replizieren.<\/li><li>Niemand darf Konten jedweder Art im Namen von TAFU er\u00f6ffnen, sollte dies nicht schriftlich von der Pr\u00e4sidentin genehmigt werden.<\/li><li>Sollten Konten jeglicher Art er\u00f6ffnet und genehmigt werden, m\u00fcssen alle darin vorhandenen Posts bewilligt werden.<\/li><li>Niemand darf f\u00fcr TAFU sprechen, sollte dies nicht schriftlich vereinbart worden sein.<\/li><li>Spendensammlungen sind nicht erlaubt, unter keinen Umst\u00e4nden<\/li><li>Keine Eigenwerbung oder Marketing<\/li><li>Keine Kritik, Bevorzugung oder Beleidigung von Aktivisten, die an TAFU\u2019s Projekten teilnehmen, oder von anderen Personen im Namen von TAFU<\/li><li>TAFU hat nichts zu tun mit Geld und wird das auch in Zukunft nicht \u00e4ndern<\/li><li>Proteste d\u00fcrfen nicht im Namen von TAFU organisiert werden<\/li><li>Andere gewaltt\u00e4tige Handlungen, Mobbing, Entmutigung oder Bevorzugung einzelner Aktivisten vor anderen ist nicht erlaubt<\/li><li>TAFU (Teens and Friends United) sichert sich das Recht und den Besitz von TAFU\u2019s Webseite und alle Social-Media Inhalte, Gruppen etc., \u201eEco-Patrol\u201c, \u201eArt for Nature\u201c, \u201eGreat Attenborough Clean-ups\u201c und \u201eThank you, Sir David Attenborough\u201c- Seiten oder \u2013Gruppen sowie alle damit verbundenen Inhalte sind Teil von TAFU. Niemand darf im Namen dieser Marken oder im Besitz von TAFU handeln, sollte ihm\/ihr nicht schriftlich die Erlaubnis dazu erteilt worden sein.<\/li><li>Bitte beachte, dass Freiwillige nicht bezahlt werden<\/li><li>Und bitte vergiss nicht, dass es unser Ziel ist zu handeln und aktiv zu werden, Bewusstsein f\u00fcr pers\u00f6nliche Verantwortung und gesunden Menschenverstand zu schaffen &amp; ehrlich und transparent zu sein.<\/li><\/ul>\n\n\n\n<p>\u2022 TAFU sichert sich das Recht die allgemeinen Gesch\u00e4ftsbedingungen zu jeder Zeit zu \u00e4ndern oder zu erg\u00e4nzen, sollte dazu der Anlass gegeben sein.<\/p>\n","protected":false},"excerpt":{"rendered":"<p>Allgemeine Gesch\u00e4ftsbedingungen f\u00fcr Freiwillige Freiwillige aus allen L\u00e4ndern gesucht Wenn du davon \u00fcberzeugt bist, f\u00fcr diese Rolle geeignet zu sein, kontaktiere uns bitte unter info@teensandfriendsunited.org Alle Freiwilligen verpflichten sich dazu,<\/p>\n<p class=\"more-link\"><a href=\"https:\/\/teensandfriendsunited.org\/?page_id=3992&#038;lang=de\" class=\"readmore\">Continue reading<svg class=\"icon icon-arrow-right\" aria-hidden=\"true\" role=\"img\"> <use href=\"#icon-arrow-right\" xlink:href=\"#icon-arrow-right\"><\/use> <\/svg><span class=\"screen-reader-text\">\u00dcber<\/span><\/a><\/p>\n","protected":false},"author":1,"featured_media":0,"parent":0,"menu_order":0,"comment_status":"closed","ping_status":"closed","template":"templates\/full-width-page.php","meta":{"inline_featured_image":false,"_monsterinsights_skip_tracking":false,"_monsterinsights_sitenote_active":false,"_monsterinsights_sitenote_note":"","_monsterinsights_sitenote_category":0,"footnotes":""},"class_list":["post-3992","page","type-page","status-publish","hentry"],"_links":{"self":[{"href":"https:\/\/teensandfriendsunited.org\/index.php?rest_route=\/wp\/v2\/pages\/3992","targetHints":{"allow":["GET"]}}],"collection":[{"href":"https:\/\/teensandfriendsunited.org\/index.php?rest_route=\/wp\/v2\/pages"}],"about":[{"href":"https:\/\/teensandfriendsunited.org\/index.php?rest_route=\/wp\/v2\/types\/page"}],"author":[{"embeddable":true,"href":"https:\/\/teensandfriendsunited.org\/index.php?rest_route=\/wp\/v2\/users\/1"}],"replies":[{"embeddable":true,"href":"https:\/\/teensandfriendsunited.org\/index.php?rest_route=%2Fwp%2Fv2%2Fcomments&post=3992"}],"version-history":[{"count":1,"href":"https:\/\/teensandfriendsunited.org\/index.php?rest_route=\/wp\/v2\/pages\/3992\/revisions"}],"predecessor-version":[{"id":3993,"href":"https:\/\/teensandfriendsunited.org\/index.php?rest_route=\/wp\/v2\/pages\/3992\/revisions\/3993"}],"wp:attachment":[{"href":"https:\/\/teensandfriendsunited.org\/index.php?rest_route=%2Fwp%2Fv2%2Fmedia&parent=3992"}],"curies":[{"name":"wp","href":"https:\/\/api.w.org\/{rel}","templated":true}]}}