{"id":3449,"date":"2021-07-12T14:34:19","date_gmt":"2021-07-12T14:34:19","guid":{"rendered":"https:\/\/teensandfriendsunited.org\/?page_id=3449"},"modified":"2021-08-14T15:50:00","modified_gmt":"2021-08-14T15:50:00","slug":"home-german","status":"publish","type":"page","link":"https:\/\/teensandfriendsunited.org\/?page_id=3449&lang=de","title":{"rendered":"Home German"},"content":{"rendered":"\n<h2 class=\"has-text-align-center wp-block-heading\">Teens and Friends United \u2013 Naturschutzorganisation (TAFU)<\/h2>\n\n\n\n<p>Die Naturschutzorganisation \u2013 Teens and Friends United (TAFU) \u2013 wurde gegr\u00fcndet, um die gemeinsam Ziele und Aktionen junger Menschen rund um die Welt zu verbinden, mit dem Zweck um uns auf zu rufen und um uns an unsere Verantwortung zu eUrinnern. Noch nichts neues oder ungesehenes, unser einziger Unterschied ist dass wir alle darauf aufmerksam machen: \u201eIch kann etwas machen, ich kann das aufr\u00e4umen, ich kann das selbst machen, anstatt protestieren zu gehen\u2026\u201c<\/p>\n\n\n\n<p class=\"blue-link\">Teens and Friends United \u2013 Naturschutzorganisation (TAFU) \u2013 ist eine non-profit, friedlich globale Gruppe, die Bewusstsein schafft und einen Aufruf macht pers\u00f6nlich Verantwortung und an die Aktionen von Individuen, Familien, Freunden, Gruppen, Institutionen, Kooperationen, Regierungen.<br><br><a href=\"https:\/\/www.nikas-vision.com\/\">Nika Strok Underwood<\/a> (13 Jahre alt, Gr\u00fcnderin von TAFU) ist ein englisch-kroatisches M\u00e4dchen aus Frankreich, das sehr daran glaubt, dass es Zeit ist sich zu verabschieden vom Theoretisieren und Unterst\u00fctzen von Ideen in der Theorie und stattdessen zu handeln, so ist Teens and Friends United &#8211; Naturschutzorganisation (TAFU) entstanden.<br><br>Wir sammeln keine Spenden und wir werden das auch in der Zukunft nicht tun, wir werde auch nichts verkaufen, wir werde nicht protestiere, wir handeln wirklich und wir machen etwas mit unsere H\u00e4nden. &nbsp;Teens and Friends United wird keine Spenden sammeln oder etwas verkaufen.<\/p>\n\n\n\n<p>Wir organisieren und f\u00fchren globale Projekte durch und wir verbreiten Bewusstsein. Wir rufen alle auf mitzumachen, alle unabh\u00e4ngig von Alter, Sprache oder der Ecke der Welt, aus der sie kommen. Lasst uns unsere Kr\u00e4fte vereinen und zu handeln zu beginnen und lasst uns alle aufrufen zu handeln.<\/p>\n\n\n\n<p class=\"blue-link\">Unser erstes Event war eine gro\u00dfe globale Reinigungsaktion, die wir nach <a href=\"https:\/\/www.nikas-vision.com\/?page_id=3147\">Sir David Attenborough benannt <\/a>haben und ihm zu Ehren seines Geburtstags gewidmet haben, um ihm zu danken durch unsere Aktionen. Das war erfolgreich, daher haben wir entschieden alle unsere globalen Reinigungsaktionen \u201e<a href=\"https:\/\/teensandfriendsunited.org\/?page_id=185&amp;lang=en\">Great Attenborough Clean-ups<\/a>\u201c zu nennen, und sie werden jedes erste Wochenende im Monat weltweit stattfinden.<\/p>\n\n\n\n<p><a href=\"https:\/\/teensandfriendsunited.org\/?page_id=198&amp;lang=en\">Eco Patrol<\/a> ist unser zweites Projekt, das gerade gestartet ist! Wir haben eine einfache App gemacht, die es allen erm\u00f6glichen wird uns Fotos von illegalen M\u00fclldeponien und verschmutzten Gebieten mit ihrer Lage zu senden. Dann wir werden einen Weg finden, um es zu s\u00e4ubern.<\/p>\n\n\n\n<p>Unseren anderen Projekten:<\/p>\n\n\n\n<ul class=\"wp-block-list\"><li>Umwelterziehung \u2013 Schulen, Jugendzentren, Webinars und \u00fcberall auf Einladung \u2013 zu vielen Themen wie Verschmutzung und Klimawandel\u2026<\/li><li>Webinars und Online-Pr\u00e4sentationen von bestimmten Tierarten unserem \u00d6kosystem und warum es wichtig ist zu bewahren \u2013 zum Beispiel Geier oder Musquitos&nbsp;<\/li><li>Vorsorge von Waldbr\u00e4nden: mehr Aufmerksamkeit f\u00fcr von Menschen gemachte Feuer und wie sie das \u00d6kosystem und die Tiere, die in ihnen leben, bedrohen.<\/li><\/ul>\n\n\n\n<p>Alle sind willkommen und mehr noch eingeladen mitzumachen. Alle Projekte, alle Ideen, alle Versuche die Nature zu bewahren, dem verursachten Schaden wieder gut machen, werden unterst\u00fctzt und gef\u00f6rdert von Teens and Friends United \u2013 Naturschutzorganisation.<\/p>\n","protected":false},"excerpt":{"rendered":"<p>Teens and Friends United \u2013 Naturschutzorganisation (TAFU) Die Naturschutzorganisation \u2013 Teens and Friends United (TAFU) \u2013 wurde gegr\u00fcndet, um die gemeinsam Ziele und Aktionen junger Menschen rund um die Welt<\/p>\n<p class=\"more-link\"><a href=\"https:\/\/teensandfriendsunited.org\/?page_id=3449&#038;lang=de\" class=\"readmore\">Continue reading<svg class=\"icon icon-arrow-right\" aria-hidden=\"true\" role=\"img\"> <use href=\"#icon-arrow-right\" xlink:href=\"#icon-arrow-right\"><\/use> <\/svg><span class=\"screen-reader-text\">Home German<\/span><\/a><\/p>\n","protected":false},"author":1,"featured_media":22,"parent":0,"menu_order":0,"comment_status":"closed","ping_status":"closed","template":"templates\/full-width-page.php","meta":{"inline_featured_image":false,"_monsterinsights_skip_tracking":false,"_monsterinsights_sitenote_active":false,"_monsterinsights_sitenote_note":"","_monsterinsights_sitenote_category":0,"footnotes":""},"class_list":["post-3449","page","type-page","status-publish","has-post-thumbnail","hentry"],"_links":{"self":[{"href":"https:\/\/teensandfriendsunited.org\/index.php?rest_route=\/wp\/v2\/pages\/3449","targetHints":{"allow":["GET"]}}],"collection":[{"href":"https:\/\/teensandfriendsunited.org\/index.php?rest_route=\/wp\/v2\/pages"}],"about":[{"href":"https:\/\/teensandfriendsunited.org\/index.php?rest_route=\/wp\/v2\/types\/page"}],"author":[{"embeddable":true,"href":"https:\/\/teensandfriendsunited.org\/index.php?rest_route=\/wp\/v2\/users\/1"}],"replies":[{"embeddable":true,"href":"https:\/\/teensandfriendsunited.org\/index.php?rest_route=%2Fwp%2Fv2%2Fcomments&post=3449"}],"version-history":[{"count":6,"href":"https:\/\/teensandfriendsunited.org\/index.php?rest_route=\/wp\/v2\/pages\/3449\/revisions"}],"predecessor-version":[{"id":4005,"href":"https:\/\/teensandfriendsunited.org\/index.php?rest_route=\/wp\/v2\/pages\/3449\/revisions\/4005"}],"wp:featuredmedia":[{"embeddable":true,"href":"https:\/\/teensandfriendsunited.org\/index.php?rest_route=\/wp\/v2\/media\/22"}],"wp:attachment":[{"href":"https:\/\/teensandfriendsunited.org\/index.php?rest_route=%2Fwp%2Fv2%2Fmedia&parent=3449"}],"curies":[{"name":"wp","href":"https:\/\/api.w.org\/{rel}","templated":true}]}}