{"id":3412,"date":"2021-06-28T07:30:00","date_gmt":"2021-06-28T07:30:00","guid":{"rendered":"https:\/\/teensandfriendsunited.org\/?page_id=3412"},"modified":"2021-08-16T11:02:35","modified_gmt":"2021-08-16T11:02:35","slug":"home-francais","status":"publish","type":"page","link":"https:\/\/teensandfriendsunited.org\/?page_id=3412&lang=fr","title":{"rendered":"Home &#8211; Fran\u00e7ais"},"content":{"rendered":"\n<h2 class=\"has-text-align-center wp-block-heading\">Teens and Friends United \u2013 Organisation pour la Conservation de la Nature (TAFU)<\/h2>\n\n\n\n<p><br><br>Teens and Friends United \u2013 Organisation pour la Conservation de la Nature (TAFU) \u2013 \u00e9tait fond\u00e9e pour assembler les buts et actions communs des jeunes du globe, avec le but de rappeler tout le monde de leur responsabilit\u00e9 personnelle. Il n\u2019y a rien de nouveau, mais notre seule diff\u00e9rence est que nous voulons faire connaitre que \u00ab&nbsp;Je peux faire quelque chose, je peux ramasser ces d\u00e9chets, je peux faire \u00e7a tout seul, plut\u00f4t que d\u2019aller protester, je peux faire une diff\u00e9rence !&nbsp;\u00bb<br><br>Teens and Friends United \u2013 Organisation pour la Conservation de la Nature \u2013 organisation \u00e0 but non lucratif, non-protestent et est un groupe global qui promouvoit la conscience et appelle \u00e0 la responsabilit\u00e9 personnelle des individuels, familles, amis, institution, corporations et les gouvernements.<\/p>\n\n\n\n<p>Nika Strok Underwood (13 ans, fondatrice de TAFU) est une fille Anglaise\/Croate de la France, elle croit fermement qu\u2019il est le temps de passer de la th\u00e9orisation, et en th\u00e9orie, supportent les id\u00e9es, \u00e0 l\u2019action, c\u2019est comme \u00e7a que Teens and Friends United \u2013 Organisation pour la Conservation &#8211; a d\u00e9but\u00e9.<br><br>Nous ne collectons pas de fonds et le collecterons pas, nous ne vendrons rien, nous ne protesterons pas, mais on prendra de la vraie action et nous le ferons-nous m\u00eame. Teens and Friends United ne vendra rien et ne collectera pas le fonds.<\/p>\n\n\n\n<p>Nous fessons des projets globaux et nous essayons de sensibilis\u00e9e les gens. Nous appelons tout le monde, indiff\u00e9rent \u00e0 leur \u00e2ge, langue ou partie du monde d\u2019o\u00f9 ils viennent. Unissons nos forces et appelons tout le monde a l\u2019action&nbsp;!<\/p>\n\n\n\n<p>Notre premier \u00e9v\u00e8nement \u00e9tait un nettoyage global qu\u2019on a nomm\u00e9 et d\u00e9di\u00e9 \u00e0 Sir David Attenborough en honneur de son anniversaire et pour lui dire merci avec nos actions. \u00c7a a \u00e9tait un succ\u00e8s, alors on a d\u00e9cid\u00e9 de nommer tous nos nettoyages Great Attenborough Clean-ups, et ils se ferons tous les premiers weekends de tous les mois.<br><br>Eco-Patrol est notre deuxi\u00e8me projet qui est maintenait lanc\u00e9&nbsp;! On a fait une application simple qui permet \u00e0 tout le monde de nous envoyer des photos des d\u00e9charges ill\u00e9gales et des zones pollu\u00e9es avec leur lieu. Puis, ne trouverons un moyen de le nettoyer&nbsp;!<\/p>\n\n\n\n<p>Nos autres projets sont&nbsp;:<\/p>\n\n\n\n<p>1. \u00c9ducation environnemental \u2013 avec des \u00e9coles, centres de jeunesse, webinaires et partout avec demande \u2013 couvrant beaucoup de sujets comme la pollution et le changement climatique<\/p>\n\n\n\n<p>2. Webinaires et information sur l\u2019importance des esp\u00e8ces dans notre \u00e9cosyst\u00e8me et pourquoi c\u2019est important de les conserver &#8211; par exemple, les vautours et les moustiques.<\/p>\n\n\n\n<p>3. Conscience sur les feux de for\u00eats \u2013 plus d\u2019accent sur les feux de for\u00eats caus\u00e9s par l&#8217;homme et comment ils menacent l\u2019\u00e9cosyst\u00e8me est et mette les vis des animaux qui vivent dedans en danger.<\/p>\n\n\n\n<p>Tout le monde est bienvenu, et m\u00eame inviter, \u00e0 nous rejoindre. Tous les projets, tous les id\u00e9es, chaque tentative pour pr\u00e9server la nature, r\u00e9cup\u00e9rer le endommager, sera supporter et promu par Teens and Friends United \u2013 Organisation pour la Conservation de la Nature.<\/p>\n","protected":false},"excerpt":{"rendered":"<p>Teens and Friends United \u2013 Organisation pour la Conservation de la Nature (TAFU) Teens and Friends United \u2013 Organisation pour la Conservation de la Nature (TAFU) \u2013 \u00e9tait fond\u00e9e pour<\/p>\n<p class=\"more-link\"><a href=\"https:\/\/teensandfriendsunited.org\/?page_id=3412&#038;lang=fr\" class=\"readmore\">Continue reading<svg class=\"icon icon-arrow-right\" aria-hidden=\"true\" role=\"img\"> <use href=\"#icon-arrow-right\" xlink:href=\"#icon-arrow-right\"><\/use> <\/svg><span class=\"screen-reader-text\">Home &#8211; Fran\u00e7ais<\/span><\/a><\/p>\n","protected":false},"author":1,"featured_media":0,"parent":0,"menu_order":0,"comment_status":"closed","ping_status":"closed","template":"templates\/full-width-page.php","meta":{"inline_featured_image":false,"_monsterinsights_skip_tracking":false,"_monsterinsights_sitenote_active":false,"_monsterinsights_sitenote_note":"","_monsterinsights_sitenote_category":0,"footnotes":""},"class_list":["post-3412","page","type-page","status-publish","hentry"],"_links":{"self":[{"href":"https:\/\/teensandfriendsunited.org\/index.php?rest_route=\/wp\/v2\/pages\/3412","targetHints":{"allow":["GET"]}}],"collection":[{"href":"https:\/\/teensandfriendsunited.org\/index.php?rest_route=\/wp\/v2\/pages"}],"about":[{"href":"https:\/\/teensandfriendsunited.org\/index.php?rest_route=\/wp\/v2\/types\/page"}],"author":[{"embeddable":true,"href":"https:\/\/teensandfriendsunited.org\/index.php?rest_route=\/wp\/v2\/users\/1"}],"replies":[{"embeddable":true,"href":"https:\/\/teensandfriendsunited.org\/index.php?rest_route=%2Fwp%2Fv2%2Fcomments&post=3412"}],"version-history":[{"count":3,"href":"https:\/\/teensandfriendsunited.org\/index.php?rest_route=\/wp\/v2\/pages\/3412\/revisions"}],"predecessor-version":[{"id":4006,"href":"https:\/\/teensandfriendsunited.org\/index.php?rest_route=\/wp\/v2\/pages\/3412\/revisions\/4006"}],"wp:attachment":[{"href":"https:\/\/teensandfriendsunited.org\/index.php?rest_route=%2Fwp%2Fv2%2Fmedia&parent=3412"}],"curies":[{"name":"wp","href":"https:\/\/api.w.org\/{rel}","templated":true}]}}